{"id":83,"date":"2023-02-22T12:05:58","date_gmt":"2023-02-22T12:05:58","guid":{"rendered":"https:\/\/laboitejuridique.ca\/our-team-of-legal-experts\/"},"modified":"2024-01-18T17:35:44","modified_gmt":"2024-01-18T17:35:44","slug":"our-team-of-legal-experts","status":"publish","type":"page","link":"https:\/\/www.laboitejuridique.ca\/en\/our-team-of-legal-experts\/","title":{"rendered":"About Us"},"content":{"rendered":"\n<p class=\"has-text-align-center\">La Bo\u00eete Juridique offers a team of lawyers with long and enviable experience and extensive education in various fields\u00a0\u00a0such as Business Law, Real Estate &amp; Construction, Labour Law, Estate Law and Bankruptcy &amp; Insolvency.\u00a0For us, the practice of law is a way of seeing the world and influencing it. The track record of our team members is impressive. La Bo\u00eete Juridique is proud to offer all the skills, knowledge and experience of its team members to a growing group of clientele who appreciate our personalized and accessible legal services.<\/p>\n\n\n\n<p class=\"has-text-align-left\"><\/p>\n\n\n<figure class=\"lbj-image\">\r\n    <div><\/div>\r\n    <img decoding=\"async\" src=\"https:\/\/www.laboitejuridique.ca\/app\/uploads\/2023\/06\/DSC_7719-ConstructionLaw-TEMP-1.png\">\r\n<\/figure>\n\n\n<p class=\"has-text-align-center\">Founder and President of La Bo\u00eete Juridique, Ms Robichaud is a native Ottawa-Gatineau resident. Holder of two bachelor\u2019s degrees in Law (LL.B.\/LL.L.) from the University of Ottawa, where she also completed a four-year course specializing in commerce, marketing and international business. Ms Robichaud was admitted to the Quebec Bar Association in 1994 and has practiced law in private firms since that time. In fact, she founded her first law firm in the year following her admission and devoted herself almost exclusively to the practice of business law, bankruptcy and litigation. Perfectly bilingual, Ms Robichaud exercises all aspects of her profession in both official languages.<\/p>\n\n\n\n<p class=\"has-text-align-center\">Ms Robichaud is also a graduate of the only specialized training offered by the Quebec Bar Association in legal argument and pleading techniques, which has served her well, as she pleads cases regularly before administrative tribunals, the Quebec Court, the Superior Court of Quebec, the Superior Court of Ontario (in bankruptcy) and the Quebec Court of Appeal.<\/p>\n\n\n\n<p class=\"has-text-align-center\">Over the course of her career, Ms Robichaud has been a member of \u2013 and has often volunteered her time by sitting on numerous Boards of Directors and non-profit educational organizations in the Outaouais region. She previously was President of the Board of Directors for the Fondation du Coll\u00e8ge pr\u00e9-universitaire Nouvelles-Fronti\u00e8res and holds now a seat on the board of directors of the Regroupement des gens d\u2019affaires de la r\u00e9gion de la capitale nationale (RGA).<\/p>\n\n\n\n<p class=\"has-text-align-center\">Other than her professional occupation and her volunteering undertakings, she is also a member of the Chamber of Commerce of Gatineau.<\/p>\n\n\n\n<p><\/p>\n\n\n<a href=\"https:\/\/laboitejuridique.ca\/en\/contact-us\/\" class=\"btn-lbj\">Contact Us<\/a>\n\n\n<p><\/p>\n","protected":false},"excerpt":{"rendered":"<p>La Bo\u00eete Juridique offers a team of lawyers with long and enviable experience and extensive education in various fields\u00a0\u00a0such as Business Law, Real Estate &amp; Construction, Labour Law, Estate Law and Bankruptcy &amp; Insolvency.\u00a0For us, the practice of law is a way of seeing the world and influencing it. The track record of our team [&hellip;]<\/p>\n","protected":false},"author":1,"featured_media":661,"parent":0,"menu_order":0,"comment_status":"closed","ping_status":"closed","template":"page-staff.php","meta":{"_acf_changed":false,"footnotes":""},"class_list":["post-83","page","type-page","status-publish","has-post-thumbnail","hentry"],"acf":[],"yoast_head":"<!-- This site is optimized with the Yoast SEO plugin v26.9 - https:\/\/yoast.com\/product\/yoast-seo-wordpress\/ -->\n<title>About Us - La Boite Juridique<\/title>\n<meta name=\"description\" content=\"Lawyers with experience and extensive education in various fields such as Business Law, Real Estate &amp; Construction, Labour Law, Estate Law and Bankruptcy &amp; Insolvency.\" \/>\n<meta name=\"robots\" content=\"index, follow, max-snippet:-1, max-image-preview:large, max-video-preview:-1\" \/>\n<link rel=\"canonical\" href=\"https:\/\/www.laboitejuridique.ca\/en\/our-team-of-legal-experts\/\" \/>\n<meta property=\"og:locale\" content=\"en_US\" \/>\n<meta property=\"og:type\" content=\"article\" \/>\n<meta property=\"og:title\" content=\"About Us - La Boite Juridique\" \/>\n<meta property=\"og:description\" content=\"Lawyers with experience and extensive education in various fields such as Business Law, Real Estate &amp; Construction, Labour Law, Estate Law and Bankruptcy &amp; Insolvency.\" \/>\n<meta property=\"og:url\" content=\"https:\/\/www.laboitejuridique.ca\/en\/our-team-of-legal-experts\/\" \/>\n<meta property=\"og:site_name\" content=\"La Boite Juridique\" \/>\n<meta property=\"article:modified_time\" content=\"2024-01-18T17:35:44+00:00\" \/>\n<meta property=\"og:image\" content=\"https:\/\/www.laboitejuridique.ca\/app\/uploads\/2023\/05\/DSC_8530-1920x600-2-1.png\" \/>\n\t<meta property=\"og:image:width\" content=\"1920\" \/>\n\t<meta property=\"og:image:height\" content=\"600\" \/>\n\t<meta property=\"og:image:type\" content=\"image\/png\" \/>\n<meta name=\"twitter:card\" content=\"summary_large_image\" \/>\n<meta name=\"twitter:label1\" content=\"Est. reading time\" \/>\n\t<meta name=\"twitter:data1\" content=\"2 minutes\" \/>\n<script type=\"application\/ld+json\" class=\"yoast-schema-graph\">{\"@context\":\"https:\/\/schema.org\",\"@graph\":[{\"@type\":\"WebPage\",\"@id\":\"https:\/\/www.laboitejuridique.ca\/en\/our-team-of-legal-experts\/\",\"url\":\"https:\/\/www.laboitejuridique.ca\/en\/our-team-of-legal-experts\/\",\"name\":\"About Us - La Boite Juridique\",\"isPartOf\":{\"@id\":\"https:\/\/www.laboitejuridique.ca\/#website\"},\"primaryImageOfPage\":{\"@id\":\"https:\/\/www.laboitejuridique.ca\/en\/our-team-of-legal-experts\/#primaryimage\"},\"image\":{\"@id\":\"https:\/\/www.laboitejuridique.ca\/en\/our-team-of-legal-experts\/#primaryimage\"},\"thumbnailUrl\":\"https:\/\/www.laboitejuridique.ca\/app\/uploads\/2023\/05\/DSC_8530-1920x600-2-1.png\",\"datePublished\":\"2023-02-22T12:05:58+00:00\",\"dateModified\":\"2024-01-18T17:35:44+00:00\",\"description\":\"Lawyers with experience and extensive education in various fields such as Business Law, Real Estate & Construction, Labour Law, Estate Law and Bankruptcy & Insolvency.\",\"breadcrumb\":{\"@id\":\"https:\/\/www.laboitejuridique.ca\/en\/our-team-of-legal-experts\/#breadcrumb\"},\"inLanguage\":\"en-US\",\"potentialAction\":[{\"@type\":\"ReadAction\",\"target\":[\"https:\/\/www.laboitejuridique.ca\/en\/our-team-of-legal-experts\/\"]}]},{\"@type\":\"ImageObject\",\"inLanguage\":\"en-US\",\"@id\":\"https:\/\/www.laboitejuridique.ca\/en\/our-team-of-legal-experts\/#primaryimage\",\"url\":\"https:\/\/www.laboitejuridique.ca\/app\/uploads\/2023\/05\/DSC_8530-1920x600-2-1.png\",\"contentUrl\":\"https:\/\/www.laboitejuridique.ca\/app\/uploads\/2023\/05\/DSC_8530-1920x600-2-1.png\",\"width\":1920,\"height\":600},{\"@type\":\"BreadcrumbList\",\"@id\":\"https:\/\/www.laboitejuridique.ca\/en\/our-team-of-legal-experts\/#breadcrumb\",\"itemListElement\":[{\"@type\":\"ListItem\",\"position\":1,\"name\":\"Home\",\"item\":\"https:\/\/www.laboitejuridique.ca\/en\/\"},{\"@type\":\"ListItem\",\"position\":2,\"name\":\"About Us\"}]},{\"@type\":\"WebSite\",\"@id\":\"https:\/\/www.laboitejuridique.ca\/#website\",\"url\":\"https:\/\/www.laboitejuridique.ca\/\",\"name\":\"La Boite Juridique\",\"description\":\"\",\"potentialAction\":[{\"@type\":\"SearchAction\",\"target\":{\"@type\":\"EntryPoint\",\"urlTemplate\":\"https:\/\/www.laboitejuridique.ca\/?s={search_term_string}\"},\"query-input\":{\"@type\":\"PropertyValueSpecification\",\"valueRequired\":true,\"valueName\":\"search_term_string\"}}],\"inLanguage\":\"en-US\"}]}<\/script>\n<!-- \/ Yoast SEO plugin. -->","yoast_head_json":{"title":"About Us - La Boite Juridique","description":"Lawyers with experience and extensive education in various fields such as Business Law, Real Estate & Construction, Labour Law, Estate Law and Bankruptcy & Insolvency.","robots":{"index":"index","follow":"follow","max-snippet":"max-snippet:-1","max-image-preview":"max-image-preview:large","max-video-preview":"max-video-preview:-1"},"canonical":"https:\/\/www.laboitejuridique.ca\/en\/our-team-of-legal-experts\/","og_locale":"en_US","og_type":"article","og_title":"About Us - La Boite Juridique","og_description":"Lawyers with experience and extensive education in various fields such as Business Law, Real Estate & Construction, Labour Law, Estate Law and Bankruptcy & Insolvency.","og_url":"https:\/\/www.laboitejuridique.ca\/en\/our-team-of-legal-experts\/","og_site_name":"La Boite Juridique","article_modified_time":"2024-01-18T17:35:44+00:00","og_image":[{"width":1920,"height":600,"url":"https:\/\/www.laboitejuridique.ca\/app\/uploads\/2023\/05\/DSC_8530-1920x600-2-1.png","type":"image\/png"}],"twitter_card":"summary_large_image","twitter_misc":{"Est. reading time":"2 minutes"},"schema":{"@context":"https:\/\/schema.org","@graph":[{"@type":"WebPage","@id":"https:\/\/www.laboitejuridique.ca\/en\/our-team-of-legal-experts\/","url":"https:\/\/www.laboitejuridique.ca\/en\/our-team-of-legal-experts\/","name":"About Us - La Boite Juridique","isPartOf":{"@id":"https:\/\/www.laboitejuridique.ca\/#website"},"primaryImageOfPage":{"@id":"https:\/\/www.laboitejuridique.ca\/en\/our-team-of-legal-experts\/#primaryimage"},"image":{"@id":"https:\/\/www.laboitejuridique.ca\/en\/our-team-of-legal-experts\/#primaryimage"},"thumbnailUrl":"https:\/\/www.laboitejuridique.ca\/app\/uploads\/2023\/05\/DSC_8530-1920x600-2-1.png","datePublished":"2023-02-22T12:05:58+00:00","dateModified":"2024-01-18T17:35:44+00:00","description":"Lawyers with experience and extensive education in various fields such as Business Law, Real Estate & Construction, Labour Law, Estate Law and Bankruptcy & Insolvency.","breadcrumb":{"@id":"https:\/\/www.laboitejuridique.ca\/en\/our-team-of-legal-experts\/#breadcrumb"},"inLanguage":"en-US","potentialAction":[{"@type":"ReadAction","target":["https:\/\/www.laboitejuridique.ca\/en\/our-team-of-legal-experts\/"]}]},{"@type":"ImageObject","inLanguage":"en-US","@id":"https:\/\/www.laboitejuridique.ca\/en\/our-team-of-legal-experts\/#primaryimage","url":"https:\/\/www.laboitejuridique.ca\/app\/uploads\/2023\/05\/DSC_8530-1920x600-2-1.png","contentUrl":"https:\/\/www.laboitejuridique.ca\/app\/uploads\/2023\/05\/DSC_8530-1920x600-2-1.png","width":1920,"height":600},{"@type":"BreadcrumbList","@id":"https:\/\/www.laboitejuridique.ca\/en\/our-team-of-legal-experts\/#breadcrumb","itemListElement":[{"@type":"ListItem","position":1,"name":"Home","item":"https:\/\/www.laboitejuridique.ca\/en\/"},{"@type":"ListItem","position":2,"name":"About Us"}]},{"@type":"WebSite","@id":"https:\/\/www.laboitejuridique.ca\/#website","url":"https:\/\/www.laboitejuridique.ca\/","name":"La Boite Juridique","description":"","potentialAction":[{"@type":"SearchAction","target":{"@type":"EntryPoint","urlTemplate":"https:\/\/www.laboitejuridique.ca\/?s={search_term_string}"},"query-input":{"@type":"PropertyValueSpecification","valueRequired":true,"valueName":"search_term_string"}}],"inLanguage":"en-US"}]}},"_links":{"self":[{"href":"https:\/\/www.laboitejuridique.ca\/en\/wp-json\/wp\/v2\/pages\/83","targetHints":{"allow":["GET"]}}],"collection":[{"href":"https:\/\/www.laboitejuridique.ca\/en\/wp-json\/wp\/v2\/pages"}],"about":[{"href":"https:\/\/www.laboitejuridique.ca\/en\/wp-json\/wp\/v2\/types\/page"}],"author":[{"embeddable":true,"href":"https:\/\/www.laboitejuridique.ca\/en\/wp-json\/wp\/v2\/users\/1"}],"replies":[{"embeddable":true,"href":"https:\/\/www.laboitejuridique.ca\/en\/wp-json\/wp\/v2\/comments?post=83"}],"version-history":[{"count":5,"href":"https:\/\/www.laboitejuridique.ca\/en\/wp-json\/wp\/v2\/pages\/83\/revisions"}],"predecessor-version":[{"id":2423,"href":"https:\/\/www.laboitejuridique.ca\/en\/wp-json\/wp\/v2\/pages\/83\/revisions\/2423"}],"wp:featuredmedia":[{"embeddable":true,"href":"https:\/\/www.laboitejuridique.ca\/en\/wp-json\/wp\/v2\/media\/661"}],"wp:attachment":[{"href":"https:\/\/www.laboitejuridique.ca\/en\/wp-json\/wp\/v2\/media?parent=83"}],"curies":[{"name":"wp","href":"https:\/\/api.w.org\/{rel}","templated":true}]}}